{"id":77,"date":"2026-04-18T19:59:43","date_gmt":"2026-04-18T22:59:43","guid":{"rendered":"http:\/\/sbcs-noroeste.agr.br\/wp5\/produto\/conjunto-de-livros-ciencia-do-solo-na-amazonia\/"},"modified":"2026-04-18T19:59:43","modified_gmt":"2026-04-18T22:59:43","slug":"conjunto-de-livros-ciencia-do-solo-na-amazonia","status":"publish","type":"product","link":"https:\/\/sbcs-noroeste.agr.br\/wp5\/produto\/conjunto-de-livros-ciencia-do-solo-na-amazonia\/","title":{"rendered":"Conjunto de Livros: Ci\u00eancia do Solo na Amaz\u00f4nia"},"content":{"rendered":"<p>Cole\u00e7\u00e3o completa de livros sobre ci\u00eancia do solo na Amaz\u00f4nia, abrangendo t\u00f3picos como conserva\u00e7\u00e3o, sustentabilidade e pesquisa.<\/p>\n","protected":false},"excerpt":{"rendered":"<p>Cole\u00e7\u00e3o completa de livros sobre ci\u00eancia do solo na Amaz\u00f4nia, abrangendo t\u00f3picos como conserva\u00e7\u00e3o, sustentabilidade e pesquisa.<\/p>\n","protected":false},"featured_media":0,"comment_status":"open","ping_status":"closed","template":"","meta":{"_monsterinsights_skip_tracking":false,"_monsterinsights_sitenote_active":false,"_monsterinsights_sitenote_note":"","_monsterinsights_sitenote_category":0},"product_brand":[],"product_cat":[28],"product_tag":[],"class_list":{"0":"post-77","1":"product","2":"type-product","3":"status-publish","5":"product_cat-publicacoes","7":"first","8":"instock","9":"shipping-taxable","10":"purchasable","11":"product-type-simple"},"_links":{"self":[{"href":"https:\/\/sbcs-noroeste.agr.br\/wp5\/wp-json\/wp\/v2\/product\/77","targetHints":{"allow":["GET"]}}],"collection":[{"href":"https:\/\/sbcs-noroeste.agr.br\/wp5\/wp-json\/wp\/v2\/product"}],"about":[{"href":"https:\/\/sbcs-noroeste.agr.br\/wp5\/wp-json\/wp\/v2\/types\/product"}],"replies":[{"embeddable":true,"href":"https:\/\/sbcs-noroeste.agr.br\/wp5\/wp-json\/wp\/v2\/comments?post=77"}],"wp:attachment":[{"href":"https:\/\/sbcs-noroeste.agr.br\/wp5\/wp-json\/wp\/v2\/media?parent=77"}],"wp:term":[{"taxonomy":"product_brand","embeddable":true,"href":"https:\/\/sbcs-noroeste.agr.br\/wp5\/wp-json\/wp\/v2\/product_brand?post=77"},{"taxonomy":"product_cat","embeddable":true,"href":"https:\/\/sbcs-noroeste.agr.br\/wp5\/wp-json\/wp\/v2\/product_cat?post=77"},{"taxonomy":"product_tag","embeddable":true,"href":"https:\/\/sbcs-noroeste.agr.br\/wp5\/wp-json\/wp\/v2\/product_tag?post=77"}],"curies":[{"name":"wp","href":"https:\/\/api.w.org\/{rel}","templated":true}]}}