{"id":2789,"date":"2021-03-15T10:36:48","date_gmt":"2021-03-15T13:36:48","guid":{"rendered":"http:\/\/sbcs-noroeste.agr.br\/wp2\/?post_type=product&#038;p=2789"},"modified":"2024-07-08T09:26:28","modified_gmt":"2024-07-08T12:26:28","slug":"manual-de-descricao-e-coleta-e-solo-no-campo","status":"publish","type":"product","link":"http:\/\/sbcs-noroeste.agr.br\/wp2\/produto\/manual-de-descricao-e-coleta-e-solo-no-campo\/","title":{"rendered":"Manual de descri\u00e7\u00e3o e coleta de solo"},"content":{"rendered":"","protected":false},"excerpt":{"rendered":"<p>Sociedade Brasileira de Ci\u00eancia do Solo.<\/p>\n","protected":false},"featured_media":4868,"comment_status":"open","ping_status":"closed","template":"","meta":{"neve_meta_sidebar":"full-width","neve_meta_container":"","neve_meta_enable_content_width":"off","neve_meta_content_width":0,"neve_meta_title_alignment":"","neve_meta_author_avatar":"","neve_post_elements_order":"","neve_meta_disable_header":"","neve_meta_disable_footer":"","neve_meta_disable_title":""},"product_cat":[20],"product_tag":[21],"_links":{"self":[{"href":"http:\/\/sbcs-noroeste.agr.br\/wp2\/wp-json\/wp\/v2\/product\/2789"}],"collection":[{"href":"http:\/\/sbcs-noroeste.agr.br\/wp2\/wp-json\/wp\/v2\/product"}],"about":[{"href":"http:\/\/sbcs-noroeste.agr.br\/wp2\/wp-json\/wp\/v2\/types\/product"}],"replies":[{"embeddable":true,"href":"http:\/\/sbcs-noroeste.agr.br\/wp2\/wp-json\/wp\/v2\/comments?post=2789"}],"wp:featuredmedia":[{"embeddable":true,"href":"http:\/\/sbcs-noroeste.agr.br\/wp2\/wp-json\/wp\/v2\/media\/4868"}],"wp:attachment":[{"href":"http:\/\/sbcs-noroeste.agr.br\/wp2\/wp-json\/wp\/v2\/media?parent=2789"}],"wp:term":[{"taxonomy":"product_cat","embeddable":true,"href":"http:\/\/sbcs-noroeste.agr.br\/wp2\/wp-json\/wp\/v2\/product_cat?post=2789"},{"taxonomy":"product_tag","embeddable":true,"href":"http:\/\/sbcs-noroeste.agr.br\/wp2\/wp-json\/wp\/v2\/product_tag?post=2789"}],"curies":[{"name":"wp","href":"https:\/\/api.w.org\/{rel}","templated":true}]}}