{"id":2787,"date":"2021-03-15T10:33:31","date_gmt":"2021-03-15T13:33:31","guid":{"rendered":"http:\/\/sbcs-noroeste.agr.br\/wp2\/?post_type=product&#038;p=2787"},"modified":"2021-10-04T14:43:56","modified_gmt":"2021-10-04T17:43:56","slug":"quimica-e-mineralogia-do-solo-conceitos-basicos-e-aplicacoes","status":"publish","type":"product","link":"http:\/\/sbcs-noroeste.agr.br\/wp2\/produto\/quimica-e-mineralogia-do-solo-conceitos-basicos-e-aplicacoes\/","title":{"rendered":"Qu\u00edmica e Mineralogia do Solo \u2013 Conceitos B\u00e1sicos e Aplica\u00e7\u00f5es"},"content":{"rendered":"","protected":false},"excerpt":{"rendered":"<p>Sociedade Brasileira de Ci\u00eancia do Solo.<\/p>\n","protected":false},"featured_media":4872,"comment_status":"open","ping_status":"closed","template":"","meta":{"neve_meta_sidebar":"","neve_meta_container":"","neve_meta_enable_content_width":"off","neve_meta_content_width":0,"neve_meta_title_alignment":"","neve_meta_author_avatar":"","neve_post_elements_order":"","neve_meta_disable_header":"","neve_meta_disable_footer":"","neve_meta_disable_title":""},"product_cat":[20],"product_tag":[21],"_links":{"self":[{"href":"http:\/\/sbcs-noroeste.agr.br\/wp2\/wp-json\/wp\/v2\/product\/2787"}],"collection":[{"href":"http:\/\/sbcs-noroeste.agr.br\/wp2\/wp-json\/wp\/v2\/product"}],"about":[{"href":"http:\/\/sbcs-noroeste.agr.br\/wp2\/wp-json\/wp\/v2\/types\/product"}],"replies":[{"embeddable":true,"href":"http:\/\/sbcs-noroeste.agr.br\/wp2\/wp-json\/wp\/v2\/comments?post=2787"}],"wp:featuredmedia":[{"embeddable":true,"href":"http:\/\/sbcs-noroeste.agr.br\/wp2\/wp-json\/wp\/v2\/media\/4872"}],"wp:attachment":[{"href":"http:\/\/sbcs-noroeste.agr.br\/wp2\/wp-json\/wp\/v2\/media?parent=2787"}],"wp:term":[{"taxonomy":"product_cat","embeddable":true,"href":"http:\/\/sbcs-noroeste.agr.br\/wp2\/wp-json\/wp\/v2\/product_cat?post=2787"},{"taxonomy":"product_tag","embeddable":true,"href":"http:\/\/sbcs-noroeste.agr.br\/wp2\/wp-json\/wp\/v2\/product_tag?post=2787"}],"curies":[{"name":"wp","href":"https:\/\/api.w.org\/{rel}","templated":true}]}}