{"id":2778,"date":"2021-03-15T10:10:52","date_gmt":"2021-03-15T13:10:52","guid":{"rendered":"http:\/\/sbcs-noroeste.agr.br\/wp2\/?post_type=product&#038;p=2778"},"modified":"2024-08-09T13:46:30","modified_gmt":"2024-08-09T16:46:30","slug":"manual-para-levantamento-utilitario-e-classificacao-de-terras-no-sistema-de-capacidade-de-uso","status":"publish","type":"product","link":"http:\/\/sbcs-noroeste.agr.br\/wp2\/produto\/manual-para-levantamento-utilitario-e-classificacao-de-terras-no-sistema-de-capacidade-de-uso\/","title":{"rendered":"Manual para levantamento utilit\u00e1rio e classifica\u00e7\u00e3o de terras no sistema de capacidade de uso."},"content":{"rendered":"","protected":false},"excerpt":{"rendered":"<p>Sociedade Brasileira de Ci\u00eancia do Solo.<\/p>\n","protected":false},"featured_media":4877,"comment_status":"open","ping_status":"closed","template":"","meta":{"neve_meta_sidebar":"","neve_meta_container":"","neve_meta_enable_content_width":"off","neve_meta_content_width":0,"neve_meta_title_alignment":"","neve_meta_author_avatar":"","neve_post_elements_order":"","neve_meta_disable_header":"","neve_meta_disable_footer":"","neve_meta_disable_title":""},"product_cat":[20],"product_tag":[21],"_links":{"self":[{"href":"http:\/\/sbcs-noroeste.agr.br\/wp2\/wp-json\/wp\/v2\/product\/2778"}],"collection":[{"href":"http:\/\/sbcs-noroeste.agr.br\/wp2\/wp-json\/wp\/v2\/product"}],"about":[{"href":"http:\/\/sbcs-noroeste.agr.br\/wp2\/wp-json\/wp\/v2\/types\/product"}],"replies":[{"embeddable":true,"href":"http:\/\/sbcs-noroeste.agr.br\/wp2\/wp-json\/wp\/v2\/comments?post=2778"}],"wp:featuredmedia":[{"embeddable":true,"href":"http:\/\/sbcs-noroeste.agr.br\/wp2\/wp-json\/wp\/v2\/media\/4877"}],"wp:attachment":[{"href":"http:\/\/sbcs-noroeste.agr.br\/wp2\/wp-json\/wp\/v2\/media?parent=2778"}],"wp:term":[{"taxonomy":"product_cat","embeddable":true,"href":"http:\/\/sbcs-noroeste.agr.br\/wp2\/wp-json\/wp\/v2\/product_cat?post=2778"},{"taxonomy":"product_tag","embeddable":true,"href":"http:\/\/sbcs-noroeste.agr.br\/wp2\/wp-json\/wp\/v2\/product_tag?post=2778"}],"curies":[{"name":"wp","href":"https:\/\/api.w.org\/{rel}","templated":true}]}}