{"id":2851,"date":"2021-03-15T12:24:30","date_gmt":"2021-03-15T15:24:30","guid":{"rendered":"http:\/\/sbcs-noroeste.agr.br\/wp2\/?page_id=2851"},"modified":"2021-07-27T11:58:06","modified_gmt":"2021-07-27T14:58:06","slug":"i-reuniao-de-ciencia-do-solo-da-amazonia-ocidental","status":"publish","type":"page","link":"http:\/\/sbcs-noroeste.agr.br\/wp2\/i-reuniao-de-ciencia-do-solo-da-amazonia-ocidental\/","title":{"rendered":"I Reuni\u00e3o de Ci\u00eancia do Solo da Amaz\u00f4nia Ocidental"},"content":{"rendered":"<h3>I Reuni\u00e3o de Ci\u00eancia do Solo da Amaz\u00f4nia Ocidental<\/h3>\n<p>EVENTO ENCERRADO.<\/p>\n<p>\t\t\t\t\t\t\t\t\t<a href=\"\">Sobre o evento<\/a><br \/>\n\t\t\t\t\t\t\t\t\t<a href=\"\">Programa\u00e7\u00e3o<\/a><br \/>\n\t\t\t\t\t\t\t\t\tSobre o evento<\/p>\n<p>Evento encerrado: 11 a 15 de junho de 2012<\/p>\n<p>A I Reuni\u00e3o de Ci\u00eancia do Solo da Amaz\u00f4nia Ocidental ocorreu no per\u00edodo de 11 a 15 de junho de 2012, em Humait\u00e1 &#8211; AM, e foi realizado pela Universidade Federal do Amazonas, com o apoio da Embrapa Acre e da Embrapa Rond\u00f4nia.<\/p>\n<p>Esta reuni\u00e3o ocorreu em um momento hist\u00f3rico por ter sido uma das primeiras reuni\u00f5es patrocinadas pela Sociedade Brasileira de Ci\u00eancia do Solo logo ap\u00f3s a cria\u00e7\u00e3o dos N\u00facleos Regionais, e simb\u00f3lica por ocorrer no interior do estado do Amazonas. A reuni\u00e3o reuniu palestrantes dos estados do Acre, do Amazonas, de Rond\u00f4nia e de Roraima, tendo sido realizado al\u00e9m das palestras, tamb\u00e9m a apresenta\u00e7\u00e3o de trabalhos volunt\u00e1rios.<\/p>\n<p>O tema do evento foi \u201c<b>Desafios da<\/b> <b>Ci\u00eancia do Solo na Amaz\u00f4nia Ocidental<\/b>\u201d, incluindo palestras relacionadas a qualidade laboratorial, g\u00eanese e classifica\u00e7\u00e3o de solos, terras pretas arqueol\u00f3gicas, manejo da aduba\u00e7\u00e3o. Seu maior significado foi o avan\u00e7o na aproxima\u00e7\u00e3o dos cientistas de solos da Amaz\u00f4nia Ocidental, o que resultou mais tarde na consolida\u00e7\u00e3o dos N\u00facleos Regionais \u201cAmaz\u00f4nia Ocidental\u201d, incluindo os estados do Amazonas e Roraima, e \u201cNoroeste\u201d, incluindo os estados do Acre e Rond\u00f4nia.<\/p>\n<p>\t\t\t\t\t\t\t\t\tPrograma\u00e7\u00e3o<\/p>\n<p><b>SEGUNDA-FEIRA\u00a0<\/b><\/p>\n<p><b>(07\/05\/2012)<\/b><\/p>\n<p>08h30 \u2013 10h00 &#8211; Credenciamento e entrega do material do congressista<\/p>\n<p>10h00 \u2013 11h30 &#8211; Solenidade de abertura oficial<\/p>\n<p>13h45 \u2013 15h15 &#8211; Acre (Solos da Amaz\u00f4nia Ocidental)<\/p>\n<p>15h45 \u2013 17h45 &#8211; Amazonas (Uso e Manejo de Solos no Amazonas)<\/p>\n<p><b>TER\u00c7A-FEIRA\u00a0<\/b><\/p>\n<p><b>(08\/05\/2012)<\/b><\/p>\n<p>08h00 \u2013 08h50 &#8211; M\u00e9todos de an\u00e1lises para fins de fertilidade utilizados pelos laborat\u00f3rios de solos da regional<\/p>\n<p>09h00 \u2013 09h50 &#8211; Programas de profici\u00eancia em an\u00e1lises de solos da Embrapa.<\/p>\n<p>10h20 \u2013 11h10 &#8211; Programas de profici\u00eancia em an\u00e1lises de solos da rede\u00a0<\/p>\n<p>11h10 \u2013 12h00 &#8211; Debate: sistema de qualidade para os laborat\u00f3rios de an\u00e1lises de solos da Amaz\u00f4nia ocidental.<\/p>\n<p>13h45 &#8211; 17h00 &#8211; Apresenta\u00e7\u00e3o de p\u00f4steres.<\/p>\n<p><b>QUARTA-FEIRA\u00a0<\/b><\/p>\n<p><b>(09\/05\/2012)<\/b><\/p>\n<p>08h00 \u2013 09h30 &#8211; Rond\u00f4nia (manejo de cultivos em solos de Rond\u00f4nia)<\/p>\n<p>10h00 \u2013 11h30 &#8211; Roraima (conserva\u00e7\u00e3o e manejo de solos em Roraima)<\/p>\n<p>13h45 \u2013 14h30 &#8211; Informatiza\u00e7\u00e3o em laborat\u00f3rio<\/p>\n<p>14h30 \u2013 15h15 &#8211; Res\u00edduos gerados nos laborat\u00f3rios de solos<\/p>\n<p>15h45 \u2013 17h00 &#8211; Mesa redonda: a\u00e7\u00f5es estruturais para a amplia\u00e7\u00e3o da qualidade dos servi\u00e7os prestados por laborat\u00f3rios de solo da Amaz\u00f4nia ocidental<\/p>\n<p>17h00 \u2013 17h15 &#8211; Encerramento da se\u00e7\u00e3o Lucielio Manoel da silva (Embrapa Acre)<\/p>\n<p><b>QUINTA-FEIRA\u00a0<\/b><\/p>\n<p><b>(10\/05\/2012)<\/b><\/p>\n<p>08h00 \u2013 09h30 &#8211; Roraima (Uso sustent\u00e1vel do solo e cultivos agr\u00edcolas na Amaz\u00f4nia)<\/p>\n<p>10h00 \u2013 11h30 &#8211; Acre (Solos do acre: G\u00eanese, natureza e utilidades)<\/p>\n<p>13h45 \u2013 15h00 &#8211; Amazonas (Terras pretas arqueol\u00f3gicas da Amaz\u00f4nia)<\/p>\n<p>15h00 \u2013 17h00 &#8211; Apresenta\u00e7\u00e3o de p\u00f4steres.<\/p>\n<p><b>SEXTA-FEIRA\u00a0<\/b><\/p>\n<p><b>(11\/05\/2012)<\/b><\/p>\n<p>09h00 \u2013 10h30 &#8211; Plen\u00e1ria<\/p>\n<p>10h00 \u2013 12h00 &#8211; Plen\u00e1ria<\/p>\n","protected":false},"excerpt":{"rendered":"<p>I Reuni\u00e3o de Ci\u00eancia do Solo da Amaz\u00f4nia Ocidental EVENTO ENCERRADO. Sobre o evento Programa\u00e7\u00e3o Sobre o evento Evento encerrado: 11 a 15 de junho de 2012 A I Reuni\u00e3o de Ci\u00eancia do Solo da Amaz\u00f4nia Ocidental ocorreu no per\u00edodo de 11 a 15 de junho de 2012, em Humait\u00e1 &#8211; AM, e foi realizado&hellip;&nbsp;<a href=\"http:\/\/sbcs-noroeste.agr.br\/wp2\/i-reuniao-de-ciencia-do-solo-da-amazonia-ocidental\/\" class=\"\" rel=\"bookmark\">Continue a ler &raquo;<span class=\"screen-reader-text\">I Reuni\u00e3o de Ci\u00eancia do Solo da Amaz\u00f4nia Ocidental<\/span><\/a><\/p>\n","protected":false},"author":4,"featured_media":0,"parent":0,"menu_order":0,"comment_status":"closed","ping_status":"closed","template":"page-templates\/template-pagebuilder-full-width.php","meta":{"neve_meta_sidebar":"full-width","neve_meta_container":"","neve_meta_enable_content_width":"on","neve_meta_content_width":100,"neve_meta_title_alignment":"","neve_meta_author_avatar":"","neve_post_elements_order":"","neve_meta_disable_header":"","neve_meta_disable_footer":"","neve_meta_disable_title":"on","footnotes":""},"_links":{"self":[{"href":"http:\/\/sbcs-noroeste.agr.br\/wp2\/wp-json\/wp\/v2\/pages\/2851"}],"collection":[{"href":"http:\/\/sbcs-noroeste.agr.br\/wp2\/wp-json\/wp\/v2\/pages"}],"about":[{"href":"http:\/\/sbcs-noroeste.agr.br\/wp2\/wp-json\/wp\/v2\/types\/page"}],"author":[{"embeddable":true,"href":"http:\/\/sbcs-noroeste.agr.br\/wp2\/wp-json\/wp\/v2\/users\/4"}],"replies":[{"embeddable":true,"href":"http:\/\/sbcs-noroeste.agr.br\/wp2\/wp-json\/wp\/v2\/comments?post=2851"}],"version-history":[{"count":15,"href":"http:\/\/sbcs-noroeste.agr.br\/wp2\/wp-json\/wp\/v2\/pages\/2851\/revisions"}],"predecessor-version":[{"id":4011,"href":"http:\/\/sbcs-noroeste.agr.br\/wp2\/wp-json\/wp\/v2\/pages\/2851\/revisions\/4011"}],"wp:attachment":[{"href":"http:\/\/sbcs-noroeste.agr.br\/wp2\/wp-json\/wp\/v2\/media?parent=2851"}],"curies":[{"name":"wp","href":"https:\/\/api.w.org\/{rel}","templated":true}]}}