{"id":2077,"date":"2020-11-19T21:19:39","date_gmt":"2020-11-19T21:19:39","guid":{"rendered":"https:\/\/solos.agr.br\/wp\/?page_id=537"},"modified":"2021-03-09T09:52:53","modified_gmt":"2021-03-09T12:52:53","slug":"links","status":"publish","type":"page","link":"http:\/\/sbcs-noroeste.agr.br\/wp2\/links\/","title":{"rendered":"Links"},"content":{"rendered":"\n<div class=\"wp-block-themeisle-blocks-advanced-columns alignfull has-3-columns has-desktop-equal-layout has-tablet-equal-layout has-mobile-collapsedRows-layout has-wide-gap has-vertical-center\" id=\"wp-block-themeisle-blocks-advanced-columns-4c5e7d29\"><div class=\"wp-block-themeisle-blocks-advanced-columns-overlay\"><\/div><div class=\"innerblocks-wrap\">\n<div class=\"wp-block-themeisle-blocks-advanced-column\" id=\"wp-block-themeisle-blocks-advanced-column-281b60a0\">\n<div class=\"wp-block-themeisle-blocks-service\">\n<p class=\"wp-block-themeisle-blocks-font-awesome-icons\" id=\"wp-block-themeisle-blocks-font-awesome-icons-16be66b2\"><span class=\"wp-block-themeisle-blocks-font-awesome-icons-container\"><a href=\"http:\/\/www2.ufac.br\/ppga\" target=\"_blank\" rel=\"noopener noreferrer\"><i class=\"fas fa-arrow-alt-circle-up\"><\/i><\/a><\/span><\/p>\n\n\n\n<p id=\"wp-block-themeisle-blocks-advanced-heading-2c93818f\" class=\"wp-block-themeisle-blocks-advanced-heading wp-block-themeisle-blocks-advanced-heading-2c93818f\">SOCIEDADE CIENT\u00cdFICA:<br>Sociedade Brasileira de Ci\u00eancia do Solo<br><br><a rel=\"noreferrer noopener\" href=\"http:\/\/www.sbcs.org.br\/\" target=\"_blank\">http:\/\/www.sbcs.org.br\/<\/a><br><br><br><br><\/p>\n<\/div>\n<\/div>\n\n\n\n<div class=\"wp-block-themeisle-blocks-advanced-column\" id=\"wp-block-themeisle-blocks-advanced-column-2885470e\">\n<p class=\"wp-block-themeisle-blocks-font-awesome-icons\" id=\"wp-block-themeisle-blocks-font-awesome-icons-a52b4c36\"><span class=\"wp-block-themeisle-blocks-font-awesome-icons-container\"><a href=\"https:\/\/www.embrapa.br\/rondonia\" target=\"_blank\" rel=\"noopener noreferrer\"><i class=\"fas fa-arrow-alt-circle-up\"><\/i><\/a><\/span><\/p>\n\n\n\n<p id=\"wp-block-themeisle-blocks-advanced-heading-46fc9c3f\" class=\"wp-block-themeisle-blocks-advanced-heading wp-block-themeisle-blocks-advanced-heading-46fc9c3f\"><br>P\u00d3S GRADUA\u00c7\u00d5ES:<br>BIONORTE &#8211; Rede de Biodiversidade e Biotecnologia da Amaz\u00f4nia Legal<br><br><a rel=\"noreferrer noopener\" href=\"https:\/\/www.bionorte.org.br\/\" target=\"_blank\">https:\/\/www.bionorte.org.br\/<\/a><br><br><\/p>\n<\/div>\n\n\n\n<div class=\"wp-block-themeisle-blocks-advanced-column\" id=\"wp-block-themeisle-blocks-advanced-column-faca47c3\">\n<p class=\"wp-block-themeisle-blocks-font-awesome-icons\" id=\"wp-block-themeisle-blocks-font-awesome-icons-df860baf\"><span class=\"wp-block-themeisle-blocks-font-awesome-icons-container\"><a href=\"https:\/\/www.embrapa.br\/acre\" target=\"_blank\" rel=\"noopener noreferrer\"><i class=\"fas fa-arrow-alt-circle-up\"><\/i><\/a><\/span><\/p>\n\n\n\n<p id=\"wp-block-themeisle-blocks-advanced-heading-20749243\" class=\"wp-block-themeisle-blocks-advanced-heading wp-block-themeisle-blocks-advanced-heading-20749243\">PGCA &#8211; Programa de P\u00f3s-Gradua\u00e7\u00e3o em Ci\u00eancias Ambientais<br>UNIR Campos: Rolim de Moura&nbsp;<br>Telefone: (69) 3449-3809<br><br><a rel=\"noreferrer noopener\" href=\"http:\/\/www.pgca.unir.br\/homepage\" target=\"_blank\">http:\/\/www.pgca.unir.br\/homepage<\/a><br><br><\/p>\n<\/div>\n<\/div><\/div>\n\n\n\n<div class=\"wp-block-themeisle-blocks-advanced-columns alignfull has-3-columns has-desktop-equal-layout has-tablet-equal-layout has-mobile-collapsedRows-layout has-wide-gap has-vertical-center\" id=\"wp-block-themeisle-blocks-advanced-columns-c349c2c0\"><div class=\"wp-block-themeisle-blocks-advanced-columns-overlay\"><\/div><div class=\"innerblocks-wrap\">\n<div class=\"wp-block-themeisle-blocks-advanced-column\" id=\"wp-block-themeisle-blocks-advanced-column-63534d19\">\n<div class=\"wp-block-themeisle-blocks-service\">\n<p class=\"wp-block-themeisle-blocks-font-awesome-icons\" id=\"wp-block-themeisle-blocks-font-awesome-icons-349de36f\"><span class=\"wp-block-themeisle-blocks-font-awesome-icons-container\"><a href=\"http:\/\/www2.ufac.br\/ppga\" target=\"_blank\" rel=\"noopener noreferrer\"><i class=\"fas fa-arrow-alt-circle-up\"><\/i><\/a><\/span><\/p>\n\n\n\n<h3 id=\"wp-block-themeisle-blocks-advanced-heading-3d387421\" class=\"wp-block-themeisle-blocks-advanced-heading wp-block-themeisle-blocks-advanced-heading-3d387421\"><\/h3>\n\n\n\n<p id=\"wp-block-themeisle-blocks-advanced-heading-c9dbd8c3\" class=\"wp-block-themeisle-blocks-advanced-heading wp-block-themeisle-blocks-advanced-heading-c9dbd8c3\">PPGA-PV &#8211; Programa de P\u00f3s-Gradua\u00e7\u00e3o em Agronomia: Produ\u00e7\u00e3o Vegetal&nbsp;<br>Universidade Federal do Acre \u2013 Campus Universit\u00e1rio | BR 364, km 04 \u2013 Distrito Industrial \u2013 Rio Branco-AC<br>Bloco da P\u00f3s-Gradua\u00e7\u00e3o, s\/n \u2013 1\u00ba andar&nbsp;<br>E-mail: ppg.pvegetal@ufac.br<br><br><a rel=\"noreferrer noopener\" href=\"http:\/\/www2.ufac.br\/ppga\" target=\"_blank\">http:\/\/www2.ufac.br\/ppga<\/a><\/p>\n<\/div>\n<\/div>\n\n\n\n<div class=\"wp-block-themeisle-blocks-advanced-column\" id=\"wp-block-themeisle-blocks-advanced-column-6864ed80\">\n<p class=\"wp-block-themeisle-blocks-font-awesome-icons\" id=\"wp-block-themeisle-blocks-font-awesome-icons-c24c1bcf\"><span class=\"wp-block-themeisle-blocks-font-awesome-icons-container\"><a href=\"https:\/\/www.embrapa.br\/rondonia\" target=\"_blank\" rel=\"noopener noreferrer\"><i class=\"fas fa-arrow-alt-circle-up\"><\/i><\/a><\/span><\/p>\n\n\n\n<p id=\"wp-block-themeisle-blocks-advanced-heading-7c74db1e\" class=\"wp-block-themeisle-blocks-advanced-heading wp-block-themeisle-blocks-advanced-heading-7c74db1e\"><br>Embrapa Rond\u00f4nia<br>Rodovia BR-364, Km 5,5, Zona Rural Caixa Postal: 127 CEP: 76815-800 &#8211; Porto Velho &#8211; RO<br>Fones: (69) 3219-5004 \/ (69) 3219-5000 | SAC<br><br><br><br><a rel=\"noreferrer noopener\" href=\"https:\/\/www.embrapa.br\/rondonia\" target=\"_blank\">https:\/\/www.embrapa.br\/rondonia<\/a><\/p>\n<\/div>\n\n\n\n<div class=\"wp-block-themeisle-blocks-advanced-column\" id=\"wp-block-themeisle-blocks-advanced-column-6ea71efd\">\n<p class=\"wp-block-themeisle-blocks-font-awesome-icons\" id=\"wp-block-themeisle-blocks-font-awesome-icons-a704ee8e\"><span class=\"wp-block-themeisle-blocks-font-awesome-icons-container\"><a href=\"https:\/\/www.embrapa.br\/acre\" target=\"_blank\" rel=\"noopener noreferrer\"><i class=\"fas fa-arrow-alt-circle-up\"><\/i><\/a><\/span><\/p>\n\n\n\n<p id=\"wp-block-themeisle-blocks-advanced-heading-c70f0a84\" class=\"wp-block-themeisle-blocks-advanced-heading wp-block-themeisle-blocks-advanced-heading-c70f0a84\">Embrapa Acre<br>Rodovia BR-364, Km 14 (Rio Branco\/Porto Velho) Caixa Postal: 321 CEP: 69900-970 <br>Fone: (68) 3212-3200 &#8211; Fax: (68) 3212-3284 | SAC<br><br><br><a rel=\"noreferrer noopener\" href=\"https:\/\/www.embrapa.br\/acre\" target=\"_blank\">https:\/\/www.embrapa.br\/acre<\/a><br><a rel=\"noreferrer noopener\" href=\"https:\/\/www.embrapa.br\/acre\" target=\"_blank\"><br><\/a><\/p>\n<\/div>\n<\/div><\/div>\n\n\n\n<div class=\"wp-block-themeisle-blocks-advanced-columns alignfull has-3-columns has-desktop-equal-layout has-tablet-equal-layout has-mobile-collapsedRows-layout has-wide-gap has-vertical-center\" id=\"wp-block-themeisle-blocks-advanced-columns-92119132\"><div class=\"wp-block-themeisle-blocks-advanced-columns-overlay\"><\/div><div class=\"innerblocks-wrap\">\n<div class=\"wp-block-themeisle-blocks-advanced-column\" id=\"wp-block-themeisle-blocks-advanced-column-0efc1620\">\n<div class=\"wp-block-themeisle-blocks-service\">\n<p class=\"wp-block-themeisle-blocks-font-awesome-icons\" id=\"wp-block-themeisle-blocks-font-awesome-icons-afd4108c\"><span class=\"wp-block-themeisle-blocks-font-awesome-icons-container\"><a href=\"http:\/\/www2.ufac.br\/ppga\" target=\"_blank\" rel=\"noopener noreferrer\"><i class=\"fas fa-arrow-alt-circle-up\"><\/i><\/a><\/span><\/p>\n\n\n\n<h3 id=\"wp-block-themeisle-blocks-advanced-heading-239d6de8\" class=\"wp-block-themeisle-blocks-advanced-heading wp-block-themeisle-blocks-advanced-heading-239d6de8\"><\/h3>\n\n\n\n<p id=\"wp-block-themeisle-blocks-advanced-heading-247f6a9e\" class=\"wp-block-themeisle-blocks-advanced-heading wp-block-themeisle-blocks-advanced-heading-247f6a9e\">UNIR &#8211; Funda\u00e7\u00e3o Universidade Federal De Rond\u00f4nia<br>Av. Presidente Dutra, 2965 &#8211; Centro<br>Porto Velho &#8211; RO &#8211; Fone:(69) 2182-2000<br><br><br><a rel=\"noreferrer noopener\" href=\"https:\/\/www.unir.br\/\" target=\"_blank\">https:\/\/www.unir.br\/<\/a><\/p>\n<\/div>\n<\/div>\n\n\n\n<div class=\"wp-block-themeisle-blocks-advanced-column\" id=\"wp-block-themeisle-blocks-advanced-column-6c1e6717\">\n<p class=\"wp-block-themeisle-blocks-font-awesome-icons\" id=\"wp-block-themeisle-blocks-font-awesome-icons-5bfd7772\"><span class=\"wp-block-themeisle-blocks-font-awesome-icons-container\"><a href=\"https:\/\/www.embrapa.br\/rondonia\" target=\"_blank\" rel=\"noopener noreferrer\"><i class=\"fas fa-arrow-alt-circle-up\"><\/i><\/a><\/span><\/p>\n\n\n\n<p id=\"wp-block-themeisle-blocks-advanced-heading-75280c57\" class=\"wp-block-themeisle-blocks-advanced-heading wp-block-themeisle-blocks-advanced-heading-75280c57\">UFAC &#8211; Universidade Federal do Acre<br>BR 364, km 04 \u2013 Distrito Industrial \u2013 CEP 69.915-900 \u2013 Rio Branco-AC<br><br><br><br><a rel=\"noreferrer noopener\" href=\"http:\/\/www.ufac.br\/site\" target=\"_blank\">http:\/\/www.ufac.br\/site<\/a><\/p>\n<\/div>\n\n\n\n<div class=\"wp-block-themeisle-blocks-advanced-column\" id=\"wp-block-themeisle-blocks-advanced-column-26e679de\">\n<p class=\"wp-block-themeisle-blocks-font-awesome-icons\" id=\"wp-block-themeisle-blocks-font-awesome-icons-6c1ff16f\"><span class=\"wp-block-themeisle-blocks-font-awesome-icons-container\"><a href=\"https:\/\/www.embrapa.br\/acre\" target=\"_blank\" rel=\"noopener noreferrer\"><i class=\"fas fa-arrow-alt-circle-up\"><\/i><\/a><\/span><\/p>\n\n\n\n<p id=\"wp-block-themeisle-blocks-advanced-heading-17b157de\" class=\"wp-block-themeisle-blocks-advanced-heading wp-block-themeisle-blocks-advanced-heading-17b157de\">N\u00facleo Reginoal noroeste .<br>&nbsp;Avenida Rog\u00e9rio Weber, 2007, Sala B. Porto Velho, RO |<br> e-mail: contato@sbcs-noroeste.agr.br<br><br><br><a href=\"https:\/\/solos.agr.br\/wp\/\">https:\/\/solos.agr.br\/wp\/<\/a><br><\/p>\n<\/div>\n<\/div><\/div>\n","protected":false},"excerpt":{"rendered":"","protected":false},"author":2,"featured_media":0,"parent":0,"menu_order":0,"comment_status":"closed","ping_status":"closed","template":"page-templates\/template-pagebuilder-full-width.php","meta":{"neve_meta_sidebar":"full-width","neve_meta_container":"","neve_meta_enable_content_width":"on","neve_meta_content_width":100,"neve_meta_title_alignment":"","neve_meta_author_avatar":"","neve_post_elements_order":"","neve_meta_disable_header":"","neve_meta_disable_footer":"","neve_meta_disable_title":"on","footnotes":""},"_links":{"self":[{"href":"http:\/\/sbcs-noroeste.agr.br\/wp2\/wp-json\/wp\/v2\/pages\/2077"}],"collection":[{"href":"http:\/\/sbcs-noroeste.agr.br\/wp2\/wp-json\/wp\/v2\/pages"}],"about":[{"href":"http:\/\/sbcs-noroeste.agr.br\/wp2\/wp-json\/wp\/v2\/types\/page"}],"author":[{"embeddable":true,"href":"http:\/\/sbcs-noroeste.agr.br\/wp2\/wp-json\/wp\/v2\/users\/2"}],"replies":[{"embeddable":true,"href":"http:\/\/sbcs-noroeste.agr.br\/wp2\/wp-json\/wp\/v2\/comments?post=2077"}],"version-history":[{"count":11,"href":"http:\/\/sbcs-noroeste.agr.br\/wp2\/wp-json\/wp\/v2\/pages\/2077\/revisions"}],"predecessor-version":[{"id":2766,"href":"http:\/\/sbcs-noroeste.agr.br\/wp2\/wp-json\/wp\/v2\/pages\/2077\/revisions\/2766"}],"wp:attachment":[{"href":"http:\/\/sbcs-noroeste.agr.br\/wp2\/wp-json\/wp\/v2\/media?parent=2077"}],"curies":[{"name":"wp","href":"https:\/\/api.w.org\/{rel}","templated":true}]}}