{"id":1531,"date":"2020-11-26T13:27:58","date_gmt":"2020-11-26T13:27:58","guid":{"rendered":"https:\/\/solos.agr.br\/wp\/?page_id=1531"},"modified":"2021-07-27T15:46:02","modified_gmt":"2021-07-27T18:46:02","slug":"atas-registradas","status":"publish","type":"page","link":"http:\/\/sbcs-noroeste.agr.br\/wp2\/atas-registradas\/","title":{"rendered":"Atas registradas"},"content":{"rendered":"<h3>ATas registradas<\/h3>\n<p>\t\t\t\t\t\t\t\t\t<a href=\"\">Ata da 5\u00aa Assembleia Geral de S\u00f3cios <\/a><br \/>\n\t\t\t\t\t\t\t\t\t<a href=\"\">Ata da 4\u00aa Assembleia Geral de S\u00f3cios <\/a><br \/>\n\t\t\t\t\t\t\t\t\t<a href=\"\">Ata da 3\u00aa Assembleia Geral de S\u00f3cios<\/a><br \/>\n\t\t\t\t\t\t\t\t\t<a href=\"\">Ata da 1\u00aa Assembleia Geral de S\u00f3cios \u2013 Retifica\u00e7\u00e3o da Assembleia de Funda\u00e7\u00e3o<\/a><br \/>\n\t\t\t\t\t\t\t\t\t<a href=\"\">Ata da 1\u00aa Assembleia Geral de S\u00f3cios \u2013 Assembleia de Funda\u00e7\u00e3o<\/a><br \/>\n\t\t\t\t\t\t\t\t\tAta da 5\u00aa Assembleia Geral de S\u00f3cios <\/p>\n<p>Apresenta-se a ata da assembleia geral de s\u00f3cios vinculados ao N\u00facleo Regional Noroeste com as delibera\u00e7\u00f5es para a <strong>reforma<\/strong> do estatuto da sociedade, proposi\u00e7\u00e3o do novo regimento interno e altera\u00e7\u00e3o do mandato da diretoria vigente \u00e0 \u00e9poca.<\/p>\n<p><a href=\"http:\/\/www.sbcs-noroeste.agr.br\/transparencia\/atas\/202002_Ata5aAssembleia.pdf\" target=\"_blank\" rel=\"noopener\">\u00a0Acesse aqui o documento completo.<\/a><\/p>\n<p>\t\t\t\t\t\t\t\t\tAta da 4\u00aa Assembleia Geral de S\u00f3cios <\/p>\n<p>Apresenta-se a ata da assembleia geral de s\u00f3cios vinculados ao N\u00facleo Regional Noroeste com as delibera\u00e7\u00f5es para a aprova\u00e7\u00e3o da nova diretoria, com mandato at\u00e9 30 de junho de 2021.<\/p>\n<p><a href=\"http:\/\/www.sbcs-noroeste.agr.br\/transparencia\/atas\/201906_Ata4aAssembleia.pdf\" target=\"_blank\" rel=\"noopener\">Acesse aqui o documento completo.<\/a><\/p>\n<p>\t\t\t\t\t\t\t\t\tAta da 3\u00aa Assembleia Geral de S\u00f3cios<\/p>\n<p>Apresenta-se a ata da assembleia geral de s\u00f3cios vinculados ao N\u00facleo Regional Noroeste com as delibera\u00e7\u00f5es para a aprova\u00e7\u00e3o da nova diretoria, com mandato at\u00e9 25 de julho de 2019.<\/p>\n<p><a href=\"http:\/\/www.sbcs-noroeste.agr.br\/transparencia\/atas\/201707_Ata3aAssembleia.pdf\" target=\"_blank\" rel=\"noopener\">Acesse aqui o documento completo.<\/a><\/p>\n<p>\t\t\t\t\t\t\t\t\tAta da 1\u00aa Assembleia Geral de S\u00f3cios \u2013 Retifica\u00e7\u00e3o da Assembleia de Funda\u00e7\u00e3o<\/p>\n<p>Apresenta-se a retifica\u00e7\u00e3o do per\u00edodo de validada do mandato da diretoria, conforme deliberado pela Assembleia Geral de Funda\u00e7\u00e3o do N\u00facleo Regional Noroeste, que foi retificado para ser conclu\u00eddo em 30 de junho de 2017.<\/p>\n<p><a href=\"http:\/\/www.sbcs-noroeste.agr.br\/transparencia\/atas\/201704_Ata1aAssembleia_Fundacao.pdf\" target=\"_blank\" rel=\"noopener\">Acesse aqui o documento completo.<\/a><\/p>\n<p>\t\t\t\t\t\t\t\t\tAta da 1\u00aa Assembleia Geral de S\u00f3cios \u2013 Assembleia de Funda\u00e7\u00e3o<\/p>\n<p>Apresenta-se a ata de funda\u00e7\u00e3o do N\u00facleo Regional Noroeste, da Sociedade Brasileira de Ci\u00eancia do Solo, com atua\u00e7\u00e3o nos estados do Acre e Rond\u00f4nia e estabelece o mandato da primeira diretoria.<\/p>\n<p><a href=\"http:\/\/www.sbcs-noroeste.agr.br\/transparencia\/atas\/201603_Ata1aAssembleia_Fundacao.pdf\" target=\"_blank\" rel=\"noopener\">Acesse aqui o documento completo.<\/a><\/p>\n","protected":false},"excerpt":{"rendered":"<p>ATas registradas Ata da 5\u00aa Assembleia Geral de S\u00f3cios Ata da 4\u00aa Assembleia Geral de S\u00f3cios Ata da 3\u00aa Assembleia Geral de S\u00f3cios Ata da 1\u00aa Assembleia Geral de S\u00f3cios \u2013 Retifica\u00e7\u00e3o da Assembleia de Funda\u00e7\u00e3o Ata da 1\u00aa Assembleia Geral de S\u00f3cios \u2013 Assembleia de Funda\u00e7\u00e3o Ata da 5\u00aa Assembleia Geral de S\u00f3cios Apresenta-se&hellip;&nbsp;<a href=\"http:\/\/sbcs-noroeste.agr.br\/wp2\/atas-registradas\/\" class=\"\" rel=\"bookmark\">Continue a ler &raquo;<span class=\"screen-reader-text\">Atas registradas<\/span><\/a><\/p>\n","protected":false},"author":2,"featured_media":0,"parent":0,"menu_order":0,"comment_status":"closed","ping_status":"closed","template":"page-templates\/template-pagebuilder-full-width.php","meta":{"neve_meta_sidebar":"full-width","neve_meta_container":"","neve_meta_enable_content_width":"on","neve_meta_content_width":100,"neve_meta_title_alignment":"","neve_meta_author_avatar":"","neve_post_elements_order":"","neve_meta_disable_header":"","neve_meta_disable_footer":"","neve_meta_disable_title":"on","footnotes":""},"_links":{"self":[{"href":"http:\/\/sbcs-noroeste.agr.br\/wp2\/wp-json\/wp\/v2\/pages\/1531"}],"collection":[{"href":"http:\/\/sbcs-noroeste.agr.br\/wp2\/wp-json\/wp\/v2\/pages"}],"about":[{"href":"http:\/\/sbcs-noroeste.agr.br\/wp2\/wp-json\/wp\/v2\/types\/page"}],"author":[{"embeddable":true,"href":"http:\/\/sbcs-noroeste.agr.br\/wp2\/wp-json\/wp\/v2\/users\/2"}],"replies":[{"embeddable":true,"href":"http:\/\/sbcs-noroeste.agr.br\/wp2\/wp-json\/wp\/v2\/comments?post=1531"}],"version-history":[{"count":15,"href":"http:\/\/sbcs-noroeste.agr.br\/wp2\/wp-json\/wp\/v2\/pages\/1531\/revisions"}],"predecessor-version":[{"id":4186,"href":"http:\/\/sbcs-noroeste.agr.br\/wp2\/wp-json\/wp\/v2\/pages\/1531\/revisions\/4186"}],"wp:attachment":[{"href":"http:\/\/sbcs-noroeste.agr.br\/wp2\/wp-json\/wp\/v2\/media?parent=1531"}],"curies":[{"name":"wp","href":"https:\/\/api.w.org\/{rel}","templated":true}]}}