{"id":112,"date":"2020-01-13T11:17:52","date_gmt":"2020-01-13T11:17:52","guid":{"rendered":"https:\/\/demosites.io\/web-agency-gb\/?page_id=5"},"modified":"2021-10-04T15:13:51","modified_gmt":"2021-10-04T18:13:51","slug":"home-2","status":"publish","type":"page","link":"http:\/\/sbcs-noroeste.agr.br\/wp2\/","title":{"rendered":"Home"},"content":{"rendered":"<h2>N\u00facleo Regional Noroeste<\/h2>\n<p>\t\t\t<a href=\"http:\/\/sbcs.org.br\" target=\"_blank\" role=\"button\" rel=\"noopener\"><br \/>\n\t\t\t\t\t\tSOCIEDADE BRASILEIRA DE CI\u00caNCIA DO SOLO\u200b<br \/>\n\t\t\t\t\t<\/a><\/p>\n<h3>\n\t\t\t\t\t\tAcre e Rond\u00f4nia<br \/>\n\t\t\t\t<\/h3>\n<p>\n\t\t\t\t\t\tO N\u00facleo Regional Noroeste possui como sua principal finalidade a representa\u00e7\u00e3o da Sociedade Brasileira de Ci\u00eancia dos Solos nos estados do Acre e Rond\u00f4nia, tendo sua sede na cidade de Porto Velho, RO.\t\t\t\t\t<\/p>\n<h3>\n\t\t\t\t\t\tSociedade Cient\u00edfica<br \/>\n\t\t\t\t<\/h3>\n<p>\n\t\t\t\t\t\tCom foco principal no interc\u00e2mbio cient\u00edfico, difus\u00e3o de m\u00e9todos e t\u00e9cnicas de Ci\u00eancias do Solo para melhor utiliza\u00e7\u00e3o dos recursos solo e \u00e1gua.\t\t\t\t\t<\/p>\n<h3>\n\t\t\t\t\t\tApoio \u00e0 pol\u00edticas p\u00fablicas<br \/>\n\t\t\t\t<\/h3>\n<p>\n\t\t\t\t\t\tComprometido com a execu\u00e7\u00e3o de pol\u00edticas p\u00fablicas e atividades voltadas para a melhoria dos processos de uso, manejo e conserva\u00e7\u00e3o do solo e da \u00e1gua.\t\t\t\t\t<\/p>\n<h3>O ESPA\u00c7O RURAL NO DESENVOLVIMENTO<br \/>\nDA AMAZ\u00d4NIA NO S\u00c9CULO 21  <\/h3>\n<p>SOLOS E SUAS TECNOLOGIAS PARA O<br \/>DESENVOLVIMENTO SUSTENT\u00c1VEL DA AMAZ\u00d4NIA<\/p>\n<p><strong>De 17 a 20 DE NOVEMBRO DE 2021. 11:00 &#8211; 21:00<\/strong><br \/><strong>Hor\u00e1rio de Rond\u00f4nia.\u00a0<\/strong><\/p>\n<p>Com o tema \u201cO espa\u00e7o rural no desenvolvimento da Amaz\u00f4nia no s\u00e9culo 21\u201d, ser\u00e3o apresentados e debatidos os desafios e oportunidades associados ao crescimento e a expans\u00e3o do uso da terra na regi\u00e3o sul ocidental da Amaz\u00f4nia, com destaque para os estados do Acre e Rond\u00f4nia.<\/p>\n<p>O objetivo do evento ser\u00e1 discutir o papel dos solos e suas tecnologias para o desenvolvimento sustent\u00e1vel da Amaz\u00f4nia.<\/p>\n<p>Essa II Reuni\u00e3o de Ci\u00eancia do Solo do N\u00facleo Noroeste abordar\u00e1 esses temas em diversos simp\u00f3sios tem\u00e1ticos. Al\u00e9m disto, permitir\u00e1 a submiss\u00e3o de trabalhos volunt\u00e1rios na forma de resumos, comunicados t\u00e9cnicos e artigos cient\u00edficos.<\/p>\n<p>\t\t\t<a href=\"https:\/\/www.even3.com.br\/noroeste2021\/\" target=\"_blank\" role=\"button\" rel=\"noopener\"><br \/>\n\t\t\t\t\t\tVER MAIS<br \/>\n\t\t\t\t\t<\/a><br \/>\n\t\t\t\t\t\t\t\t\t\t\t\t\t<a href=\"https:\/\/www.even3.com.br\/noroeste2021\/\"><br \/>\n\t\t\t\t\t\t\t<img decoding=\"async\" width=\"948\" height=\"947\" src=\"http:\/\/sbcs-noroeste.agr.br\/wp2\/wp-content\/uploads\/2021\/08\/FINALIZADO.png\" alt=\"\" loading=\"lazy\" srcset=\"http:\/\/sbcs-noroeste.agr.br\/wp2\/wp-content\/uploads\/2021\/08\/FINALIZADO.png 948w, http:\/\/sbcs-noroeste.agr.br\/wp2\/wp-content\/uploads\/2021\/08\/FINALIZADO-300x300.png 300w, http:\/\/sbcs-noroeste.agr.br\/wp2\/wp-content\/uploads\/2021\/08\/FINALIZADO-150x150.png 150w, http:\/\/sbcs-noroeste.agr.br\/wp2\/wp-content\/uploads\/2021\/08\/FINALIZADO-768x767.png 768w, http:\/\/sbcs-noroeste.agr.br\/wp2\/wp-content\/uploads\/2021\/08\/FINALIZADO-600x599.png 600w, http:\/\/sbcs-noroeste.agr.br\/wp2\/wp-content\/uploads\/2021\/08\/FINALIZADO-100x100.png 100w\" sizes=\"(max-width: 948px) 100vw, 948px\" \/>\t\t\t\t\t\t\t\t<\/a><\/p>\n<h3>CAMINHOS DA PRODU\u00c7\u00c3O AGROFLORESTAL NA AMAZ\u00d4NIA.<\/h3>\n<p><strong>Evento encerrado:<\/strong> 26 de abril \u00e0\u00a0 5 de maio de 2021.<\/p>\n<p>O evento\u00a0Caminhos da Produ\u00e7\u00e3o Agroflorestal na Amaz\u00f4nia, tema central do\u00a01<sup>o.<\/sup>\u00a0Workshop de Cadeias de Produ\u00e7\u00e3o Agroflorestal Priorit\u00e1rias da Amaz\u00f4nia teve como objetivo discutir solu\u00e7\u00f5es e propostas para o fortalecimento das cadeias de produ\u00e7\u00e3o agroflorestais de maior relev\u00e2ncia social e econ\u00f4mica da regi\u00e3o, abordando os desafios de P&amp;DI e as oportunidades a elas vinculadas.<\/p>\n<p>\t\t\t<a href=\"https:\/\/www.even3.com.br\/caminhosamazonia\/\" role=\"button\"><br \/>\n\t\t\t\t\t\tVER MAIS<br \/>\n\t\t\t\t\t<\/a><br \/>\n\t\t\t\t\t\t\t\t\t\t\t\t\t<a href=\"http:\/\/sbcs-noroeste.agr.br\/wp2\/xii-rcc-2017-2018\/\"><br \/>\n\t\t\t\t\t\t\t<img decoding=\"async\" width=\"948\" height=\"946\" src=\"http:\/\/sbcs-noroeste.agr.br\/wp2\/wp-content\/uploads\/2021\/05\/SBCS.png\" alt=\"\" loading=\"lazy\" srcset=\"http:\/\/sbcs-noroeste.agr.br\/wp2\/wp-content\/uploads\/2021\/05\/SBCS.png 948w, http:\/\/sbcs-noroeste.agr.br\/wp2\/wp-content\/uploads\/2021\/05\/SBCS-100x100.png 100w, http:\/\/sbcs-noroeste.agr.br\/wp2\/wp-content\/uploads\/2021\/05\/SBCS-600x599.png 600w, http:\/\/sbcs-noroeste.agr.br\/wp2\/wp-content\/uploads\/2021\/05\/SBCS-300x300.png 300w, http:\/\/sbcs-noroeste.agr.br\/wp2\/wp-content\/uploads\/2021\/05\/SBCS-150x150.png 150w, http:\/\/sbcs-noroeste.agr.br\/wp2\/wp-content\/uploads\/2021\/05\/SBCS-768x766.png 768w\" sizes=\"(max-width: 948px) 100vw, 948px\" \/>\t\t\t\t\t\t\t\t<\/a><br \/>\n\t\t\t\t\t\t\t\t\t\t\t\t\t<a href=\"http:\/\/sbcs-noroeste.agr.br\/wp2\/xii-rcc-2017-2018\/\"><br \/>\n\t\t\t\t\t\t\t<img decoding=\"async\" src=\"http:\/\/sbcs-noroeste.agr.br\/wp2\/wp-content\/uploads\/2020\/11\/XII-RCC-RO-5.png\" title=\"\" alt=\"\" \/>\t\t\t\t\t\t\t\t<\/a><br \/>\n\t\t\t\t\t\t\t\t\t\t\t\t\t<a href=\"http:\/\/sbcs-noroeste.agr.br\/wp2\/xii-rcc-2017-2018\/\"><br \/>\n\t\t\t\t\t\t\t<img decoding=\"async\" width=\"948\" height=\"950\" src=\"http:\/\/sbcs-noroeste.agr.br\/wp2\/wp-content\/uploads\/2021\/10\/XII-RCC-RO.png\" alt=\"\" loading=\"lazy\" srcset=\"http:\/\/sbcs-noroeste.agr.br\/wp2\/wp-content\/uploads\/2021\/10\/XII-RCC-RO.png 948w, http:\/\/sbcs-noroeste.agr.br\/wp2\/wp-content\/uploads\/2021\/10\/XII-RCC-RO-300x300.png 300w, http:\/\/sbcs-noroeste.agr.br\/wp2\/wp-content\/uploads\/2021\/10\/XII-RCC-RO-150x150.png 150w, http:\/\/sbcs-noroeste.agr.br\/wp2\/wp-content\/uploads\/2021\/10\/XII-RCC-RO-768x770.png 768w, http:\/\/sbcs-noroeste.agr.br\/wp2\/wp-content\/uploads\/2021\/10\/XII-RCC-RO-600x601.png 600w, http:\/\/sbcs-noroeste.agr.br\/wp2\/wp-content\/uploads\/2021\/10\/XII-RCC-RO-100x100.png 100w\" sizes=\"(max-width: 948px) 100vw, 948px\" \/>\t\t\t\t\t\t\t\t<\/a><\/p>\n<h3>XII RCC ROND\u00d4NIA<\/h3>\n<p><strong>Evento encerrado:<\/strong> 9 a 16 de setembro de 2017 e 1 a 8 de agosto de 2018.<\/p>\n<p>A XII RCC foi realizada em duas excurs\u00f5es t\u00e9cnicas. A primeira excurs\u00e3o, que ocorreu no per\u00edodo de 9 a 16 de setembro de 2017, contou com um total de 85 participantes, representando 39 institui\u00e7\u00f5es nacionais. A segunda excurs\u00e3o, que ocorreu no per\u00edodo de 1 a 8 de agosto de 2018, contou com um total de 36 participantes, representando nove diferentes nacionalidades<\/p>\n<p>\t\t\t<a href=\"http:\/\/sbcs-noroeste.agr.br\/wp2\/xii-rcc-2017-2018\/\" role=\"button\"><br \/>\n\t\t\t\t\t\tVER MAIS<br \/>\n\t\t\t\t\t<\/a><\/p>\n<h3>I REUNI\u00c3O DE CI\u00caNCIA DO SOLO N\u00daCLEO NOROESTE<\/h3>\n<p><strong>Evento encerrado:<\/strong> 13 a 16 de setembro de 2016.<\/p>\n<p>A I Reuni\u00e3o de Ci\u00eancia do Solo do N\u00facleo Noroeste ocorreu no per\u00edodo de 13 a 16 de setembro de 2016, em Rolim de Moura, RO, sendo realizado pela Faculdades de Rolim de Moura e pela Universidade Federal de Rond\u00f4nia, com o apoio do Instituto Federal de Rond\u00f4nia e Embrapa Rond\u00f4nia.<\/p>\n<p>Foi um marco hist\u00f3rico, por ser o primeiro evento do g\u00eanero realizado no interior de Rond\u00f4nia, al\u00e9m de ser tamb\u00e9m o primeiro evento realizado ap\u00f3s a cis\u00e3o no antigo N\u00facleo Regional Amaz\u00f4nia Ocidental, trazendo os estados do Acre e Rond\u00f4nia para formar o N\u00facleo Regional Noroeste.<\/p>\n<p>\t\t\t<a href=\"http:\/\/sbcs-noroeste.agr.br\/wp2\/i-reuniao-de-ciencia-do-solo-do-nucleo-noroeste\/\" role=\"button\"><br \/>\n\t\t\t\t\t\tVER MAIS<br \/>\n\t\t\t\t\t<\/a><br \/>\n\t\t\t\t\t\t\t\t\t\t\t\t\t<a href=\"http:\/\/sbcs-noroeste.agr.br\/wp2\/i-reuniao-de-ciencia-do-solo-do-nucleo-noroeste\/\"><br \/>\n\t\t\t\t\t\t\t<img decoding=\"async\" width=\"948\" height=\"950\" src=\"http:\/\/sbcs-noroeste.agr.br\/wp2\/wp-content\/uploads\/2021\/03\/I-REUNIAO-DE-CIENCI.png\" alt=\"\" loading=\"lazy\" srcset=\"http:\/\/sbcs-noroeste.agr.br\/wp2\/wp-content\/uploads\/2021\/03\/I-REUNIAO-DE-CIENCI.png 948w, http:\/\/sbcs-noroeste.agr.br\/wp2\/wp-content\/uploads\/2021\/03\/I-REUNIAO-DE-CIENCI-100x100.png 100w, http:\/\/sbcs-noroeste.agr.br\/wp2\/wp-content\/uploads\/2021\/03\/I-REUNIAO-DE-CIENCI-600x601.png 600w, http:\/\/sbcs-noroeste.agr.br\/wp2\/wp-content\/uploads\/2021\/03\/I-REUNIAO-DE-CIENCI-300x300.png 300w, http:\/\/sbcs-noroeste.agr.br\/wp2\/wp-content\/uploads\/2021\/03\/I-REUNIAO-DE-CIENCI-150x150.png 150w, http:\/\/sbcs-noroeste.agr.br\/wp2\/wp-content\/uploads\/2021\/03\/I-REUNIAO-DE-CIENCI-768x770.png 768w\" sizes=\"(max-width: 948px) 100vw, 948px\" \/>\t\t\t\t\t\t\t\t<\/a><br \/>\n\t\t\t\t\t\t\t\t\t\t\t\t\t<a href=\"http:\/\/sbcs-noroeste.agr.br\/wp2\/reuniao-da-ciencia-do-solo-da-amazonia-ocidental\/\"><br \/>\n\t\t\t\t\t\t\t<img decoding=\"async\" width=\"947\" height=\"948\" src=\"http:\/\/sbcs-noroeste.agr.br\/wp2\/wp-content\/uploads\/2021\/08\/AMZOCIDENTAL.png\" alt=\"\" loading=\"lazy\" srcset=\"http:\/\/sbcs-noroeste.agr.br\/wp2\/wp-content\/uploads\/2021\/08\/AMZOCIDENTAL.png 947w, http:\/\/sbcs-noroeste.agr.br\/wp2\/wp-content\/uploads\/2021\/08\/AMZOCIDENTAL-300x300.png 300w, http:\/\/sbcs-noroeste.agr.br\/wp2\/wp-content\/uploads\/2021\/08\/AMZOCIDENTAL-150x150.png 150w, http:\/\/sbcs-noroeste.agr.br\/wp2\/wp-content\/uploads\/2021\/08\/AMZOCIDENTAL-768x769.png 768w, http:\/\/sbcs-noroeste.agr.br\/wp2\/wp-content\/uploads\/2021\/08\/AMZOCIDENTAL-600x601.png 600w, http:\/\/sbcs-noroeste.agr.br\/wp2\/wp-content\/uploads\/2021\/08\/AMZOCIDENTAL-100x100.png 100w\" sizes=\"(max-width: 947px) 100vw, 947px\" \/>\t\t\t\t\t\t\t\t<\/a><\/p>\n<h3>II reuni\u00e3o de ci\u00eancia do solo da amaz\u00f4nia ocidental<\/h3>\n<p><strong>Evento encerrado:<\/strong> 14 a 17 de outubro de 2014.<\/p>\n<p>A II Reuni\u00e3o de Ci\u00eancia do Solo da Amaz\u00f4nia Ocidental ocorreu no per\u00edodo de 14 a 17 de outubro de 2014, em Porto Velho, RO.<\/p>\n<p>Foi a primeira reuni\u00e3o regional do N\u00facleo Regional Amaz\u00f4nia Ocidental no estado de Rond\u00f4nia, e foi a partir dela que se discutiu a necessidade do Acre e Rond\u00f4nia manterem um n\u00facleo regional separado dos demais estados da Amaz\u00f4nia Ocidental, com vistas a proporcionar maior integra\u00e7\u00e3o entre as institui\u00e7\u00f5es da Amaz\u00f4nia sul-ocidental.<\/p>\n<p>\t\t\t<a href=\"http:\/\/sbcs-noroeste.agr.br\/wp2\/reuniao-da-ciencia-do-solo-da-amazonia-ocidental\/\" role=\"button\"><br \/>\n\t\t\t\t\t\tVER MAIS<br \/>\n\t\t\t\t\t<\/a><\/p>\n<h3>I Reuni\u00e3o de Ci\u00eancia do Solo da Amaz\u00f4nia Ocidental<\/h3>\n<p><strong>Evento encerrado:<\/strong> 11 a 15 de junho de 2012<\/p>\n<p>A I Reuni\u00e3o de Ci\u00eancia do Solo da Amaz\u00f4nia Ocidental ocorreu no per\u00edodo de 11 a 15 de junho de 2012, em Humait\u00e1 &#8211; AM, e foi realizado pela Universidade Federal do Amazonas, com o apoio da Embrapa Acre e da Embrapa Rond\u00f4nia.<\/p>\n<p>O tema do evento foi \u201cDesafios da Ci\u00eancia do Solo na Amaz\u00f4nia Ocidental\u201d, incluindo palestras relacionadas a qualidade laboratorial, g\u00eanese e classifica\u00e7\u00e3o de solos, terras pretas arqueol\u00f3gicas, manejo da aduba\u00e7\u00e3o. Seu maior significado foi o avan\u00e7o na aproxima\u00e7\u00e3o dos cientistas de solos da Amaz\u00f4nia Ocidental, o que resultou mais tarde na consolida\u00e7\u00e3o dos N\u00facleos Regionais \u201cAmaz\u00f4nia Ocidental\u201d, incluindo os estados do Amazonas e Roraima, e \u201cNoroeste\u201d, incluindo os estados do Acre e Rond\u00f4nia.<\/p>\n<p>\t\t\t<a href=\"http:\/\/sbcs-noroeste.agr.br\/wp2\/i-reuniao-de-ciencia-do-solo-da-amazonia-ocidental\/\" role=\"button\"><br \/>\n\t\t\t\t\t\tVER MAIS<br \/>\n\t\t\t\t\t<\/a><br \/>\n\t\t\t\t\t\t\t\t\t\t\t\t\t<a href=\"http:\/\/sbcs-noroeste.agr.br\/wp2\/i-reuniao-de-ciencia-do-solo-da-amazonia-ocidental\/\"><br \/>\n\t\t\t\t\t\t\t<img decoding=\"async\" width=\"948\" height=\"950\" src=\"http:\/\/sbcs-noroeste.agr.br\/wp2\/wp-content\/uploads\/2021\/03\/I-REUNIAO.png\" alt=\"\" loading=\"lazy\" srcset=\"http:\/\/sbcs-noroeste.agr.br\/wp2\/wp-content\/uploads\/2021\/03\/I-REUNIAO.png 948w, http:\/\/sbcs-noroeste.agr.br\/wp2\/wp-content\/uploads\/2021\/03\/I-REUNIAO-100x100.png 100w, http:\/\/sbcs-noroeste.agr.br\/wp2\/wp-content\/uploads\/2021\/03\/I-REUNIAO-600x601.png 600w, http:\/\/sbcs-noroeste.agr.br\/wp2\/wp-content\/uploads\/2021\/03\/I-REUNIAO-300x300.png 300w, http:\/\/sbcs-noroeste.agr.br\/wp2\/wp-content\/uploads\/2021\/03\/I-REUNIAO-150x150.png 150w, http:\/\/sbcs-noroeste.agr.br\/wp2\/wp-content\/uploads\/2021\/03\/I-REUNIAO-768x770.png 768w\" sizes=\"(max-width: 948px) 100vw, 948px\" \/>\t\t\t\t\t\t\t\t<\/a><br \/>\n\t\t\t\t\t\t\t\t\t\t\t\t\t<a href=\"http:\/\/sbcs-noroeste.agr.br\/wp2\/ix-rcc-acre\/\"><br \/>\n\t\t\t\t\t\t\t<img decoding=\"async\" width=\"951\" height=\"945\" src=\"http:\/\/sbcs-noroeste.agr.br\/wp2\/wp-content\/uploads\/2020\/11\/IX-RCC-ACRE-3-1.png\" alt=\"\" loading=\"lazy\" srcset=\"http:\/\/sbcs-noroeste.agr.br\/wp2\/wp-content\/uploads\/2020\/11\/IX-RCC-ACRE-3-1.png 951w, http:\/\/sbcs-noroeste.agr.br\/wp2\/wp-content\/uploads\/2020\/11\/IX-RCC-ACRE-3-1-100x100.png 100w, http:\/\/sbcs-noroeste.agr.br\/wp2\/wp-content\/uploads\/2020\/11\/IX-RCC-ACRE-3-1-600x596.png 600w, http:\/\/sbcs-noroeste.agr.br\/wp2\/wp-content\/uploads\/2020\/11\/IX-RCC-ACRE-3-1-300x298.png 300w, http:\/\/sbcs-noroeste.agr.br\/wp2\/wp-content\/uploads\/2020\/11\/IX-RCC-ACRE-3-1-150x150.png 150w, http:\/\/sbcs-noroeste.agr.br\/wp2\/wp-content\/uploads\/2020\/11\/IX-RCC-ACRE-3-1-768x763.png 768w\" sizes=\"(max-width: 951px) 100vw, 951px\" \/>\t\t\t\t\t\t\t\t<\/a><\/p>\n<h3>iX RCC ACRE<\/h3>\n<p><strong>Evento encerrado:<\/strong> 12 a 17 de setembro de 2010.<\/p>\n<p>O tema da IX RCC foi \u201cSolos Sedimentares em Sistemas Amaz\u00f4nicos: Potencialidades e Demandas de Pesquisa\u201d.<\/p>\n<p>A IX RCC foi a primeira reuni\u00e3o do g\u00eanero realizada no bioma Amaz\u00f4nico, abrindo depois frente para as reuni\u00f5es de Roraima e Rond\u00f4nia. Foi tamb\u00e9m a partir da IX RCC que a Sociedade Brasileira de Ci\u00eancia do Solo adotou a denomina\u00e7\u00e3o \u201cBrasileira\u201d para o nome da RCC, uma vez que nos eventos anteriores, ela recebia diferentes varia\u00e7\u00f5es nominais. Foi tamb\u00e9m um evento que contou 75 participantes distribu\u00eddos pelas principais institui\u00e7\u00f5es nacionais.<\/p>\n<p>\t\t\t<a href=\"http:\/\/sbcs-noroeste.agr.br\/wp2\/ix-rcc-acre\/\" role=\"button\"><br \/>\n\t\t\t\t\t\tVER MAIS<br \/>\n\t\t\t\t\t<\/a><\/p>\n<p>O N\u00facleo Regional Noroeste surgiu pela divis\u00e3o do N\u00facleo Regional Amaz\u00f4nia Ocidental, que englobava os estados do Acre, Amazonas, Rond\u00f4nia e Roraima. A cis\u00e3o foi promovida como forma de melhor abordar e tratar as demandas e a\u00e7\u00f5es do n\u00facleo em um imenso territ\u00f3rio que era englobado pelos quatro estados. Com a divis\u00e3o, O N\u00facleo Regional Noroeste passou a representar os estados do Acre e Rond\u00f4nia, passando a integrar como s\u00f3cios vinculados ao N\u00facleo todo associado adimplente da Sociedade Brasileira de Ci\u00eancia do Solo que se declare vinculado a estes dois estados.<\/p>\n<p>\t\t\t\t\t\t\t\t\t\t\t\t<img decoding=\"async\" src=\"http:\/\/sbcs-noroeste.agr.br\/wp2\/wp-content\/uploads\/elementor\/thumbs\/Design-sem-nome-2-p49bkitwmmphpexni9mi5ncx4ogevtpu2rkkk2363k.png\" title=\"Design sem nome (2)\" alt=\"Design sem nome (2)\" \/><\/p>\n","protected":false},"excerpt":{"rendered":"<p>N\u00facleo Regional Noroeste SOCIEDADE BRASILEIRA DE CI\u00caNCIA DO SOLO\u200b Acre e Rond\u00f4nia O N\u00facleo Regional Noroeste possui como sua principal finalidade a representa\u00e7\u00e3o da Sociedade Brasileira de Ci\u00eancia dos Solos nos estados do Acre e Rond\u00f4nia, tendo sua sede na cidade de Porto Velho, RO. Sociedade Cient\u00edfica Com foco principal no interc\u00e2mbio cient\u00edfico, difus\u00e3o de&hellip;&nbsp;<a href=\"http:\/\/sbcs-noroeste.agr.br\/wp2\/\" class=\"\" rel=\"bookmark\">Continue a ler &raquo;<span class=\"screen-reader-text\">Home<\/span><\/a><\/p>\n","protected":false},"author":2,"featured_media":0,"parent":0,"menu_order":0,"comment_status":"closed","ping_status":"closed","template":"page-templates\/template-pagebuilder-full-width.php","meta":{"neve_meta_sidebar":"full-width","neve_meta_container":"contained","neve_meta_enable_content_width":"off","neve_meta_content_width":30,"neve_meta_title_alignment":"","neve_meta_author_avatar":"","neve_post_elements_order":"","neve_meta_disable_header":"","neve_meta_disable_footer":"","neve_meta_disable_title":"on","footnotes":""},"_links":{"self":[{"href":"http:\/\/sbcs-noroeste.agr.br\/wp2\/wp-json\/wp\/v2\/pages\/112"}],"collection":[{"href":"http:\/\/sbcs-noroeste.agr.br\/wp2\/wp-json\/wp\/v2\/pages"}],"about":[{"href":"http:\/\/sbcs-noroeste.agr.br\/wp2\/wp-json\/wp\/v2\/types\/page"}],"author":[{"embeddable":true,"href":"http:\/\/sbcs-noroeste.agr.br\/wp2\/wp-json\/wp\/v2\/users\/2"}],"replies":[{"embeddable":true,"href":"http:\/\/sbcs-noroeste.agr.br\/wp2\/wp-json\/wp\/v2\/comments?post=112"}],"version-history":[{"count":1119,"href":"http:\/\/sbcs-noroeste.agr.br\/wp2\/wp-json\/wp\/v2\/pages\/112\/revisions"}],"predecessor-version":[{"id":4888,"href":"http:\/\/sbcs-noroeste.agr.br\/wp2\/wp-json\/wp\/v2\/pages\/112\/revisions\/4888"}],"wp:attachment":[{"href":"http:\/\/sbcs-noroeste.agr.br\/wp2\/wp-json\/wp\/v2\/media?parent=112"}],"curies":[{"name":"wp","href":"https:\/\/api.w.org\/{rel}","templated":true}]}}